{"id":2240,"date":"2022-05-05T14:04:16","date_gmt":"2022-05-05T12:04:16","guid":{"rendered":"https:\/\/staging.info.parcandi.ch\/?page_id=2240"},"modified":"2026-01-14T23:31:44","modified_gmt":"2026-01-14T22:31:44","slug":"impressum","status":"publish","type":"page","link":"https:\/\/info.parcandi.ch\/fr\/impressum\/","title":{"rendered":"Mentions l\u00e9gals"},"content":{"rendered":"\t\t<div data-elementor-type=\"wp-page\" data-elementor-id=\"2240\" class=\"elementor elementor-2240 elementor-451\" data-elementor-post-type=\"page\">\n\t\t\t\t\t\t<section class=\"elementor-section elementor-top-section elementor-element elementor-element-3f9bc3a0 elementor-section-content-top elementor-section-boxed elementor-section-height-default elementor-section-height-default\" data-id=\"3f9bc3a0\" data-element_type=\"section\" data-e-type=\"section\">\n\t\t\t\t\t\t<div class=\"elementor-container elementor-column-gap-no\">\n\t\t\t\t\t<div class=\"elementor-column elementor-col-50 elementor-top-column elementor-element elementor-element-268634f3\" data-id=\"268634f3\" data-element_type=\"column\" data-e-type=\"column\">\n\t\t\t<div class=\"elementor-widget-wrap elementor-element-populated\">\n\t\t\t\t\t\t<div class=\"elementor-element elementor-element-57ee594b elementor-invisible elementor-widget elementor-widget-heading\" data-id=\"57ee594b\" data-element_type=\"widget\" data-e-type=\"widget\" data-settings=\"{&quot;_animation&quot;:&quot;fadeIn&quot;,&quot;_animation_delay&quot;:&quot;200&quot;,&quot;_animation_mobile&quot;:&quot;fadeIn&quot;}\" data-widget_type=\"heading.default\">\n\t\t\t\t<div class=\"elementor-widget-container\">\n\t\t\t\t\t<h1 class=\"elementor-heading-title elementor-size-default\">Impressum<\/h1>\t\t\t\t<\/div>\n\t\t\t\t<\/div>\n\t\t\t\t\t<\/div>\n\t\t<\/div>\n\t\t\t\t<div class=\"elementor-column elementor-col-50 elementor-top-column elementor-element elementor-element-32e3dbf6\" data-id=\"32e3dbf6\" data-element_type=\"column\" data-e-type=\"column\">\n\t\t\t<div class=\"elementor-widget-wrap\">\n\t\t\t\t\t\t\t<\/div>\n\t\t<\/div>\n\t\t\t\t\t<\/div>\n\t\t<\/section>\n\t\t\t\t<section class=\"elementor-section elementor-top-section elementor-element elementor-element-6013ad7b elementor-section-height-min-height elementor-reverse-mobile elementor-section-boxed elementor-section-height-default elementor-section-items-middle\" data-id=\"6013ad7b\" data-element_type=\"section\" data-e-type=\"section\" data-settings=\"{&quot;background_background&quot;:&quot;classic&quot;}\">\n\t\t\t\t\t\t<div class=\"elementor-container elementor-column-gap-no\">\n\t\t\t\t\t<div class=\"elementor-column elementor-col-50 elementor-top-column elementor-element elementor-element-596c8c7b\" data-id=\"596c8c7b\" data-element_type=\"column\" data-e-type=\"column\" data-settings=\"{&quot;background_background&quot;:&quot;classic&quot;}\">\n\t\t\t<div class=\"elementor-widget-wrap elementor-element-populated\">\n\t\t\t\t\t\t<div class=\"elementor-element elementor-element-3b15dbab animated-fast elementor-invisible elementor-widget elementor-widget-text-editor\" data-id=\"3b15dbab\" data-element_type=\"widget\" data-e-type=\"widget\" data-settings=\"{&quot;_animation&quot;:&quot;fadeInRight&quot;,&quot;_animation_delay&quot;:&quot;400&quot;,&quot;_animation_mobile&quot;:&quot;fadeIn&quot;}\" data-widget_type=\"text-editor.default\">\n\t\t\t\t<div class=\"elementor-widget-container\">\n\t\t\t\t\t\t\t\t\t<div class=\"entry-content\"><p><strong>Parcandi AG<\/strong><\/p><p>Adresse: Steinenvorstadt 67, CH-4051 B\u00e2le, Suisse<br \/>E-mail: <a href=\"mailto:info@parcandi.com\">info@parcandi.com<\/a><br \/>Registre du commerce: Registre du commerce Basel-Stadt<br \/>UID: CHE-283.638.804<br \/>Num\u00e9ro de TVA: CHE-283.638.804 MWST<br \/>Directeur ex\u00e9cutif: Dr. Corsin Sulser<\/p><p><strong>Parcandi Europe UG<\/strong><\/p><p>Adresse: Rieselfeldallee 43, 79111 Freiburg, Allemagne<br \/>E-mail: <a href=\"mailto:info@parcandi.com\">info@parcandi.com<\/a><br \/>Registre du commerce: Tribunal d\u2019instance Freiburg im Breisgau<br \/>Num\u00e9ro de HRB: HRB 725415<br \/>Num\u00e9ro de TVA: DE347835270<br \/>Directeur ex\u00e9cutif: Dr. Corsin Sulser<\/p><p id=\"block-40c869fa-3fa9-450e-ba4e-141c28d9e285\"><a href=\"https:\/\/info.parcandi.ch\/agb-fr\/\">Conditions g\u00e9n\u00e9rales<\/a><\/p><\/div>\t\t\t\t\t\t\t\t<\/div>\n\t\t\t\t<\/div>\n\t\t\t\t\t<\/div>\n\t\t<\/div>\n\t\t\t\t<div class=\"elementor-column elementor-col-50 elementor-top-column elementor-element elementor-element-be34c2b\" data-id=\"be34c2b\" data-element_type=\"column\" data-e-type=\"column\" data-settings=\"{&quot;background_background&quot;:&quot;classic&quot;}\">\n\t\t\t<div class=\"elementor-widget-wrap\">\n\t\t\t\t\t\t\t<\/div>\n\t\t<\/div>\n\t\t\t\t\t<\/div>\n\t\t<\/section>\n\t\t\t\t<\/div>\n\t\t","protected":false},"excerpt":{"rendered":"<p>Impressum Parcandi AG Adresse: Steinenvorstadt 67, CH-4051 B\u00e2le, SuisseE-mail: info@parcandi.comRegistre du commerce: Registre du commerce Basel-StadtUID: CHE-283.638.804Num\u00e9ro de TVA: CHE-283.638.804 MWSTDirecteur ex\u00e9cutif: Dr. Corsin Sulser Parcandi Europe UG Adresse: Rieselfeldallee 43, 79111 Freiburg, AllemagneE-mail: info@parcandi.comRegistre du commerce: Tribunal d\u2019instance Freiburg im BreisgauNum\u00e9ro de HRB: HRB 725415Num\u00e9ro de TVA: DE347835270Directeur ex\u00e9cutif: Dr. Corsin Sulser Conditions g\u00e9n\u00e9rales<\/p>\n","protected":false},"author":1,"featured_media":0,"parent":0,"menu_order":0,"comment_status":"closed","ping_status":"closed","template":"","meta":{"footnotes":""},"class_list":["post-2240","page","type-page","status-publish","hentry"],"_links":{"self":[{"href":"https:\/\/info.parcandi.ch\/fr\/wp-json\/wp\/v2\/pages\/2240","targetHints":{"allow":["GET"]}}],"collection":[{"href":"https:\/\/info.parcandi.ch\/fr\/wp-json\/wp\/v2\/pages"}],"about":[{"href":"https:\/\/info.parcandi.ch\/fr\/wp-json\/wp\/v2\/types\/page"}],"author":[{"embeddable":true,"href":"https:\/\/info.parcandi.ch\/fr\/wp-json\/wp\/v2\/users\/1"}],"replies":[{"embeddable":true,"href":"https:\/\/info.parcandi.ch\/fr\/wp-json\/wp\/v2\/comments?post=2240"}],"version-history":[{"count":17,"href":"https:\/\/info.parcandi.ch\/fr\/wp-json\/wp\/v2\/pages\/2240\/revisions"}],"predecessor-version":[{"id":10053,"href":"https:\/\/info.parcandi.ch\/fr\/wp-json\/wp\/v2\/pages\/2240\/revisions\/10053"}],"wp:attachment":[{"href":"https:\/\/info.parcandi.ch\/fr\/wp-json\/wp\/v2\/media?parent=2240"}],"curies":[{"name":"wp","href":"https:\/\/api.w.org\/{rel}","templated":true}]}}